{"id":2345,"date":"2024-08-30T15:14:13","date_gmt":"2024-08-30T20:14:13","guid":{"rendered":"https:\/\/abbajewelry.com\/?page_id=2345"},"modified":"2024-08-30T15:15:48","modified_gmt":"2024-08-30T20:15:48","slug":"politica-de-envios","status":"publish","type":"page","link":"https:\/\/abbajewelry.com\/en\/politica-de-envios\/","title":{"rendered":"POL\u00cdTICA DE ENV\u00cdOS"},"content":{"rendered":"<div data-elementor-type=\"wp-page\" data-elementor-id=\"2345\" class=\"elementor elementor-2345\" data-elementor-post-type=\"page\">\n\t\t\t\t\t\t<section class=\"elementor-section elementor-top-section elementor-element elementor-element-0f52317 elementor-section-boxed elementor-section-height-default elementor-section-height-default\" data-id=\"0f52317\" data-element_type=\"section\" data-e-type=\"section\">\n\t\t\t\t\t\t<div class=\"elementor-container elementor-column-gap-default\">\n\t\t\t\t\t<div class=\"elementor-column elementor-col-100 elementor-top-column elementor-element elementor-element-125ceaf\" data-id=\"125ceaf\" data-element_type=\"column\" data-e-type=\"column\">\n\t\t\t<div class=\"elementor-widget-wrap elementor-element-populated\">\n\t\t\t\t\t\t<div class=\"elementor-element elementor-element-2218bdc elementor-widget elementor-widget-text-editor\" data-id=\"2218bdc\" data-element_type=\"widget\" data-e-type=\"widget\" data-widget_type=\"text-editor.default\">\n\t\t\t\t\t\t\t\t\t<p>Una vez realizado el pago a trav\u00e9s de uno de nuestros canales, usted recibir\u00e1 un correo con la confirmaci\u00f3n de la compra. Luego, validamos que la transacci\u00f3n est\u00e9 verificada en nuestra empresa.<\/p><p>Una vez validada la transacci\u00f3n, le enviaremos un # de gu\u00eda &#8211; shipping, el cual usted podr\u00e1 hacer seguimiento directamente a trav\u00e9s de la transportadora.<\/p><p>\u00a0<\/p><ul><li>El correo de confirmaci\u00f3n de la compra, lo debe estar recibiendo en un tiempo no mayor a 1 hora.<\/li><\/ul><p>Por favor, verifique la bandeja de spam &#8211; no deseados o actualice la bandeja principal de su correo.<\/p><ul><li>Si por cualquier motivo* usted no recibe un correo de confirmaci\u00f3n, por favor contactarnos a trav\u00e9s de nuestras l\u00edneas de atenci\u00f3n. Tener a la mano el n\u00famero de comprobante de compra y comprobante de la transacci\u00f3n.<\/li><\/ul><p>\u00a0<\/p><p>Una vez recibido el correo de confirmaci\u00f3n de la compra a trav\u00e9s de nuestra web, tomar\u00e1 hasta 3 d\u00edas h\u00e1biles para validar la transacci\u00f3n y poder enviarles el n\u00famero de gu\u00eda de la mercanc\u00eda.<\/p><p><em><strong>Nota: La compra es efectuada, una vez la empresa abba joyeros haya recibido y validado el dinero en sus canales de recepci\u00f3n final. Cualquier duda\/comentario, por favor no dude en contactarnos.<\/strong><\/em><\/p>\t\t\t\t\t\t\t\t<\/div>\n\t\t\t\t\t<\/div>\n\t\t<\/div>\n\t\t\t\t\t<\/div>\n\t\t<\/section>\n\t\t\t\t<\/div>","protected":false},"excerpt":{"rendered":"<p>Una vez realizado el pago a trav\u00e9s de uno de nuestros canales, usted recibir\u00e1 un correo con la confirmaci\u00f3n de la compra. Luego, validamos que la transacci\u00f3n est\u00e9 verificada en nuestra empresa. Una vez validada la transacci\u00f3n, le enviaremos un # de gu\u00eda &#8211; shipping, el cual usted podr\u00e1 hacer seguimiento directamente a trav\u00e9s de [&hellip;]<\/p>\n","protected":false},"author":1,"featured_media":0,"parent":0,"menu_order":0,"comment_status":"closed","ping_status":"closed","template":"","meta":{"footnotes":""},"class_list":["post-2345","page","type-page","status-publish","hentry"],"aioseo_notices":[],"_links":{"self":[{"href":"https:\/\/abbajewelry.com\/en\/wp-json\/wp\/v2\/pages\/2345","targetHints":{"allow":["GET"]}}],"collection":[{"href":"https:\/\/abbajewelry.com\/en\/wp-json\/wp\/v2\/pages"}],"about":[{"href":"https:\/\/abbajewelry.com\/en\/wp-json\/wp\/v2\/types\/page"}],"author":[{"embeddable":true,"href":"https:\/\/abbajewelry.com\/en\/wp-json\/wp\/v2\/users\/1"}],"replies":[{"embeddable":true,"href":"https:\/\/abbajewelry.com\/en\/wp-json\/wp\/v2\/comments?post=2345"}],"version-history":[{"count":7,"href":"https:\/\/abbajewelry.com\/en\/wp-json\/wp\/v2\/pages\/2345\/revisions"}],"predecessor-version":[{"id":2352,"href":"https:\/\/abbajewelry.com\/en\/wp-json\/wp\/v2\/pages\/2345\/revisions\/2352"}],"wp:attachment":[{"href":"https:\/\/abbajewelry.com\/en\/wp-json\/wp\/v2\/media?parent=2345"}],"curies":[{"name":"wp","href":"https:\/\/api.w.org\/{rel}","templated":true}]}}