{"id":2249,"date":"2024-08-28T17:18:02","date_gmt":"2024-08-28T22:18:02","guid":{"rendered":"https:\/\/abbajewelry.com\/?page_id=2249"},"modified":"2024-12-02T20:08:36","modified_gmt":"2024-12-03T01:08:36","slug":"wedding","status":"publish","type":"page","link":"https:\/\/abbajewelry.com\/en\/wedding\/","title":{"rendered":"Wedding"},"content":{"rendered":"<div data-elementor-type=\"wp-page\" data-elementor-id=\"2249\" class=\"elementor elementor-2249\" data-elementor-post-type=\"page\">\n\t\t\t\t\t\t<section class=\"elementor-section elementor-top-section elementor-element elementor-element-69b9ab0 elementor-section-boxed elementor-section-height-default elementor-section-height-default\" data-id=\"69b9ab0\" data-element_type=\"section\" data-e-type=\"section\" data-settings=\"{&quot;background_background&quot;:&quot;classic&quot;}\">\n\t\t\t\t\t\t<div class=\"elementor-container elementor-column-gap-default\">\n\t\t\t\t\t<div class=\"elementor-column elementor-col-100 elementor-top-column elementor-element elementor-element-1177b07\" data-id=\"1177b07\" data-element_type=\"column\" data-e-type=\"column\">\n\t\t\t<div class=\"elementor-widget-wrap\">\n\t\t\t\t\t\t\t<\/div>\n\t\t<\/div>\n\t\t\t\t\t<\/div>\n\t\t<\/section>\n\t\t\t\t<section class=\"elementor-section elementor-top-section elementor-element elementor-element-10c9a4a elementor-section-boxed elementor-section-height-default elementor-section-height-default\" data-id=\"10c9a4a\" data-element_type=\"section\" data-e-type=\"section\">\n\t\t\t\t\t\t<div class=\"elementor-container elementor-column-gap-default\">\n\t\t\t\t\t<div class=\"elementor-column elementor-col-100 elementor-top-column elementor-element elementor-element-e03ace2\" data-id=\"e03ace2\" data-element_type=\"column\" data-e-type=\"column\">\n\t\t\t<div class=\"elementor-widget-wrap elementor-element-populated\">\n\t\t\t\t\t\t<div class=\"elementor-element elementor-element-6ed96d3 elementor-widget elementor-widget-heading\" data-id=\"6ed96d3\" data-element_type=\"widget\" data-e-type=\"widget\" data-widget_type=\"heading.default\">\n\t\t\t\t\t<h5 class=\"elementor-heading-title elementor-size-default\">En abba joyer\u00eda, cada anillo es una obra maestra. Celebra tu amor con una pieza \u00fanica y eterna,\ncada detalle es una expresi\u00f3n de elegancia y perfecci\u00f3n, dise\u00f1ada con amor y dedicaci\u00f3n,\ngarantizando que cada anillo sea tan \u00fanico y especial como tu amor.<\/h5>\t\t\t\t<\/div>\n\t\t\t\t<div class=\"elementor-element elementor-element-49f02a4 elementor-widget elementor-widget-heading\" data-id=\"49f02a4\" data-element_type=\"widget\" data-e-type=\"widget\" data-widget_type=\"heading.default\">\n\t\t\t\t\t<h5 class=\"elementor-heading-title elementor-size-default\"><a href=\"https:\/\/abbajewelry.com\/en\/tienda\/\">COMPRAR AHORA<\/a><\/h5>\t\t\t\t<\/div>\n\t\t\t\t\t<\/div>\n\t\t<\/div>\n\t\t\t\t\t<\/div>\n\t\t<\/section>\n\t\t\t\t<section class=\"elementor-section elementor-top-section elementor-element elementor-element-0c9ba0e elementor-section-full_width elementor-section-stretched elementor-section-height-default elementor-section-height-default\" data-id=\"0c9ba0e\" data-element_type=\"section\" data-e-type=\"section\" data-settings=\"{&quot;stretch_section&quot;:&quot;section-stretched&quot;,&quot;background_background&quot;:&quot;classic&quot;}\">\n\t\t\t\t\t\t<div class=\"elementor-container elementor-column-gap-default\">\n\t\t\t\t\t<div class=\"elementor-column elementor-col-33 elementor-top-column elementor-element elementor-element-d557fba\" data-id=\"d557fba\" data-element_type=\"column\" data-e-type=\"column\" data-settings=\"{&quot;background_background&quot;:&quot;classic&quot;}\">\n\t\t\t<div class=\"elementor-widget-wrap elementor-element-populated\">\n\t\t\t\t\t\t<div class=\"elementor-element elementor-element-433bb17 elementor-widget elementor-widget-spacer\" data-id=\"433bb17\" data-element_type=\"widget\" data-e-type=\"widget\" data-widget_type=\"spacer.default\">\n\t\t\t\t\t\t\t<div class=\"elementor-spacer\">\n\t\t\t<div class=\"elementor-spacer-inner\"><\/div>\n\t\t<\/div>\n\t\t\t\t\t\t<\/div>\n\t\t\t\t\t<\/div>\n\t\t<\/div>\n\t\t\t\t<div class=\"elementor-column elementor-col-33 elementor-top-column elementor-element elementor-element-2b063b6\" data-id=\"2b063b6\" data-element_type=\"column\" data-e-type=\"column\">\n\t\t\t<div class=\"elementor-widget-wrap elementor-element-populated\">\n\t\t\t\t\t\t<div class=\"elementor-element elementor-element-5032f06 elementor-widget elementor-widget-heading\" data-id=\"5032f06\" data-element_type=\"widget\" data-e-type=\"widget\" data-widget_type=\"heading.default\">\n\t\t\t\t\t<h5 class=\"elementor-heading-title elementor-size-default\">Con el talento y la experiencia de\nnuestros joyeros y junto a la\ncreatividad de nuestro equipo\ncreativo, creamos piezas \u00fanicas\nque capturan el amor y la\npromesa de un futuro juntos.<\/h5>\t\t\t\t<\/div>\n\t\t\t\t<div class=\"elementor-element elementor-element-2dfe0a4 elementor-widget elementor-widget-heading\" data-id=\"2dfe0a4\" data-element_type=\"widget\" data-e-type=\"widget\" data-widget_type=\"heading.default\">\n\t\t\t\t\t<h5 class=\"elementor-heading-title elementor-size-default\"><a href=\"https:\/\/abbajewelry.com\/en\/wedding-contact\/\">CONTACTA A UN ASESOR<\/a><\/h5>\t\t\t\t<\/div>\n\t\t\t\t\t<\/div>\n\t\t<\/div>\n\t\t\t\t<div class=\"elementor-column elementor-col-33 elementor-top-column elementor-element elementor-element-dedab5c\" data-id=\"dedab5c\" data-element_type=\"column\" data-e-type=\"column\" data-settings=\"{&quot;background_background&quot;:&quot;classic&quot;}\">\n\t\t\t<div class=\"elementor-widget-wrap elementor-element-populated\">\n\t\t\t\t\t\t<div class=\"elementor-element elementor-element-4f9bff7 elementor-widget elementor-widget-spacer\" data-id=\"4f9bff7\" data-element_type=\"widget\" data-e-type=\"widget\" data-widget_type=\"spacer.default\">\n\t\t\t\t\t\t\t<div class=\"elementor-spacer\">\n\t\t\t<div class=\"elementor-spacer-inner\"><\/div>\n\t\t<\/div>\n\t\t\t\t\t\t<\/div>\n\t\t\t\t\t<\/div>\n\t\t<\/div>\n\t\t\t\t\t<\/div>\n\t\t<\/section>\n\t\t\t\t<section class=\"elementor-section elementor-top-section elementor-element elementor-element-c598ba4 elementor-section-boxed elementor-section-height-default elementor-section-height-default\" data-id=\"c598ba4\" data-element_type=\"section\" data-e-type=\"section\">\n\t\t\t\t\t\t<div class=\"elementor-container elementor-column-gap-default\">\n\t\t\t\t\t<div class=\"elementor-column elementor-col-33 elementor-top-column elementor-element elementor-element-d14fe5d\" data-id=\"d14fe5d\" data-element_type=\"column\" data-e-type=\"column\">\n\t\t\t<div class=\"elementor-widget-wrap elementor-element-populated\">\n\t\t\t\t\t\t<div class=\"elementor-element elementor-element-87f6592 elementor-widget elementor-widget-image\" data-id=\"87f6592\" data-element_type=\"widget\" data-e-type=\"widget\" data-widget_type=\"image.default\">\n\t\t\t\t\t\t\t\t\t\t\t\t\t\t\t<img decoding=\"async\" width=\"90\" height=\"92\" src=\"https:\/\/abbajewelry.com\/wp-content\/uploads\/2024\/08\/i1.png\" class=\"attachment-large size-large wp-image-2223\" alt=\"\" srcset=\"https:\/\/abbajewelry.com\/wp-content\/uploads\/2024\/08\/i1.png 90w, https:\/\/abbajewelry.com\/wp-content\/uploads\/2024\/08\/i1-12x12.png 12w\" sizes=\"(max-width: 90px) 100vw, 90px\" \/>\t\t\t\t\t\t\t\t\t\t\t\t\t\t\t<\/div>\n\t\t\t\t<div class=\"elementor-element elementor-element-f3f2274 elementor-widget elementor-widget-heading\" data-id=\"f3f2274\" data-element_type=\"widget\" data-e-type=\"widget\" data-widget_type=\"heading.default\">\n\t\t\t\t\t<h5 class=\"elementor-heading-title elementor-size-default\">ATENCI\u00d3N<br>PERSONALIZADA<\/h5>\t\t\t\t<\/div>\n\t\t\t\t\t<\/div>\n\t\t<\/div>\n\t\t\t\t<div class=\"elementor-column elementor-col-33 elementor-top-column elementor-element elementor-element-7ffc281\" data-id=\"7ffc281\" data-element_type=\"column\" data-e-type=\"column\">\n\t\t\t<div class=\"elementor-widget-wrap elementor-element-populated\">\n\t\t\t\t\t\t<div class=\"elementor-element elementor-element-582ac1a elementor-widget elementor-widget-image\" data-id=\"582ac1a\" data-element_type=\"widget\" data-e-type=\"widget\" data-widget_type=\"image.default\">\n\t\t\t\t\t\t\t\t\t\t\t\t\t\t\t<img decoding=\"async\" width=\"90\" height=\"92\" src=\"https:\/\/abbajewelry.com\/wp-content\/uploads\/2024\/08\/i2.png\" class=\"attachment-large size-large wp-image-2224\" alt=\"\" srcset=\"https:\/\/abbajewelry.com\/wp-content\/uploads\/2024\/08\/i2.png 90w, https:\/\/abbajewelry.com\/wp-content\/uploads\/2024\/08\/i2-12x12.png 12w\" sizes=\"(max-width: 90px) 100vw, 90px\" \/>\t\t\t\t\t\t\t\t\t\t\t\t\t\t\t<\/div>\n\t\t\t\t<div class=\"elementor-element elementor-element-11f9566 elementor-widget elementor-widget-heading\" data-id=\"11f9566\" data-element_type=\"widget\" data-e-type=\"widget\" data-widget_type=\"heading.default\">\n\t\t\t\t\t<h5 class=\"elementor-heading-title elementor-size-default\">GARANT\u00cdA<\/h5>\t\t\t\t<\/div>\n\t\t\t\t\t<\/div>\n\t\t<\/div>\n\t\t\t\t<div class=\"elementor-column elementor-col-33 elementor-top-column elementor-element elementor-element-ec4db74\" data-id=\"ec4db74\" data-element_type=\"column\" data-e-type=\"column\">\n\t\t\t<div class=\"elementor-widget-wrap elementor-element-populated\">\n\t\t\t\t\t\t<div class=\"elementor-element elementor-element-8bed30e elementor-widget elementor-widget-image\" data-id=\"8bed30e\" data-element_type=\"widget\" data-e-type=\"widget\" data-widget_type=\"image.default\">\n\t\t\t\t\t\t\t\t\t\t\t\t\t\t\t<img decoding=\"async\" width=\"90\" height=\"92\" src=\"https:\/\/abbajewelry.com\/wp-content\/uploads\/2024\/08\/i3.png\" class=\"attachment-large size-large wp-image-2225\" alt=\"\" srcset=\"https:\/\/abbajewelry.com\/wp-content\/uploads\/2024\/08\/i3.png 90w, https:\/\/abbajewelry.com\/wp-content\/uploads\/2024\/08\/i3-12x12.png 12w\" sizes=\"(max-width: 90px) 100vw, 90px\" \/>\t\t\t\t\t\t\t\t\t\t\t\t\t\t\t<\/div>\n\t\t\t\t<div class=\"elementor-element elementor-element-423a2c4 elementor-widget elementor-widget-heading\" data-id=\"423a2c4\" data-element_type=\"widget\" data-e-type=\"widget\" data-widget_type=\"heading.default\">\n\t\t\t\t\t<h5 class=\"elementor-heading-title elementor-size-default\">PAGOS<br>ASEGURADOS<\/h5>\t\t\t\t<\/div>\n\t\t\t\t\t<\/div>\n\t\t<\/div>\n\t\t\t\t\t<\/div>\n\t\t<\/section>\n\t\t\t\t<\/div>","protected":false},"excerpt":{"rendered":"<p>En abba joyer\u00eda, cada anillo es una obra maestra. Celebra tu amor con una pieza \u00fanica y eterna, cada detalle es una expresi\u00f3n de elegancia y perfecci\u00f3n, dise\u00f1ada con amor y dedicaci\u00f3n, garantizando que cada anillo sea tan \u00fanico y especial como tu amor. COMPRAR AHORA Con el talento y la experiencia de nuestros joyeros [&hellip;]<\/p>\n","protected":false},"author":1,"featured_media":0,"parent":0,"menu_order":0,"comment_status":"closed","ping_status":"closed","template":"","meta":{"footnotes":""},"class_list":["post-2249","page","type-page","status-publish","hentry"],"aioseo_notices":[],"_links":{"self":[{"href":"https:\/\/abbajewelry.com\/en\/wp-json\/wp\/v2\/pages\/2249","targetHints":{"allow":["GET"]}}],"collection":[{"href":"https:\/\/abbajewelry.com\/en\/wp-json\/wp\/v2\/pages"}],"about":[{"href":"https:\/\/abbajewelry.com\/en\/wp-json\/wp\/v2\/types\/page"}],"author":[{"embeddable":true,"href":"https:\/\/abbajewelry.com\/en\/wp-json\/wp\/v2\/users\/1"}],"replies":[{"embeddable":true,"href":"https:\/\/abbajewelry.com\/en\/wp-json\/wp\/v2\/comments?post=2249"}],"version-history":[{"count":25,"href":"https:\/\/abbajewelry.com\/en\/wp-json\/wp\/v2\/pages\/2249\/revisions"}],"predecessor-version":[{"id":3170,"href":"https:\/\/abbajewelry.com\/en\/wp-json\/wp\/v2\/pages\/2249\/revisions\/3170"}],"wp:attachment":[{"href":"https:\/\/abbajewelry.com\/en\/wp-json\/wp\/v2\/media?parent=2249"}],"curies":[{"name":"wp","href":"https:\/\/api.w.org\/{rel}","templated":true}]}}