{"id":2155,"date":"2024-07-04T21:03:33","date_gmt":"2024-07-05T02:03:33","guid":{"rendered":"https:\/\/abbajewelry.com\/?page_id=2155"},"modified":"2024-07-04T21:05:44","modified_gmt":"2024-07-05T02:05:44","slug":"terminos-del-servicio","status":"publish","type":"page","link":"https:\/\/abbajewelry.com\/en\/terminos-del-servicio\/","title":{"rendered":"T\u00c9RMINOS DEL SERVICIO"},"content":{"rendered":"<div data-elementor-type=\"wp-page\" data-elementor-id=\"2155\" class=\"elementor elementor-2155\" data-elementor-post-type=\"page\">\n\t\t\t\t\t\t<section class=\"elementor-section elementor-top-section elementor-element elementor-element-7f3fd5e elementor-section-boxed elementor-section-height-default elementor-section-height-default\" data-id=\"7f3fd5e\" data-element_type=\"section\" data-e-type=\"section\">\n\t\t\t\t\t\t<div class=\"elementor-container elementor-column-gap-default\">\n\t\t\t\t\t<div class=\"elementor-column elementor-col-100 elementor-top-column elementor-element elementor-element-739305b\" data-id=\"739305b\" data-element_type=\"column\" data-e-type=\"column\">\n\t\t\t<div class=\"elementor-widget-wrap elementor-element-populated\">\n\t\t\t\t\t\t<div class=\"elementor-element elementor-element-825afa3 elementor-widget elementor-widget-text-editor\" data-id=\"825afa3\" data-element_type=\"widget\" data-e-type=\"widget\" data-widget_type=\"text-editor.default\">\n\t\t\t\t\t\t\t\t\t<p style=\"font-weight: 400;\">La ley estatutaria 1581 de 20121 , \u201cpor la cual se dictan disposiciones generales para la protecci\u00f3n de datos personales\u201d, tiene por objeto desarrollar el derecho constitucional que tienen las personas de conocer, actualizar y rectificar las informaciones que se hayan recogido sobre ellas en bases de datos o archivos, y los dem\u00e1s derechos, libertades y garant\u00edas constitucionales a que se refiere el art\u00edculo 15 de la Constituci\u00f3n Pol\u00edtica de Colombia; as\u00ed como el derecho a la informaci\u00f3n<br>consagrada en el art\u00edculo 20 de la misma.<\/p>\n<p>En Scala Joyer\u00eda, nos comprometemos a respetar tu privacidad. Esta Pol\u00edtica de Privacidad y Tratamiento de Datos Personales describe c\u00f3mo recopilamos, utilizamos y protegemos la informaci\u00f3n personal que nos proporcionas. Al utilizar nuestros servicios, aceptas las pr\u00e1cticas descritas en esta pol\u00edtica.<\/p>\n<p style=\"font-weight: 400;\">A continuaci\u00f3n, se presentan las &#8220;T\u00e9rminos y Condiciones&#8221; que regulan la utilizaci\u00f3n del sitio web<a href=\"http:\/\/%20www.abbajewelry.com,\/\" data-saferedirecturl=\"https:\/\/www.google.com\/url?q=http:\/\/%25C2%25A0www.abbajewelry.com,&amp;source=gmail&amp;ust=1720229298371000&amp;usg=AOvVaw29vmzuXd6aqZPRnAot0_-2\">&nbsp;www.abbajewelry.com,<\/a>&nbsp;el cual es propiedad de<strong>&nbsp;JOYEROS ABBA S.A.S<\/strong>&nbsp;y se destina a llevar a cabo transacciones de compra. Estos t\u00e9rminos y condiciones contienen informaci\u00f3n esencial acerca de las condiciones de adquisici\u00f3n, productos, tarifas, promociones, alcance de servicio, horarios de atenci\u00f3n, y otros aspectos vinculados a la compra o venta de nuestros art\u00edculos.<\/p>\n<p style=\"font-weight: 400;\">Cuando un usuario accede al comercio electr\u00f3nico de&nbsp;<a href=\"https:\/\/abbajewelry.com\/en\/\" data-saferedirecturl=\"https:\/\/www.google.com\/url?q=http:\/\/www.abbajewelry.com&amp;source=gmail&amp;ust=1720229298371000&amp;usg=AOvVaw3tXkKj1zLSmxfctUxuvS5x\">www.abbajewelry.com<\/a>, asume la responsabilidad de leer, comprender y aceptar las &#8220;Condiciones y T\u00e9rminos&#8221;. Al hacerlo, se compromete a usar la plataforma en conformidad con las leyes y regulaciones aplicables en Colombia. Si no est\u00e1 de acuerdo con estas condiciones y t\u00e9rminos, el usuario deber\u00e1 abstenerse de utilizar el comercio electr\u00f3nico para realizar compras en l\u00ednea.<\/p>\n<p style=\"font-weight: 400;\">Los usuarios que accedan al portal web&nbsp;<a href=\"https:\/\/abbajewelry.com\/en\/\" data-saferedirecturl=\"https:\/\/www.google.com\/url?q=http:\/\/www.abbajewelry.com&amp;source=gmail&amp;ust=1720229298371000&amp;usg=AOvVaw3tXkKj1zLSmxfctUxuvS5x\">www.abbajewelry.com<\/a>&nbsp;desde otros pa\u00edses lo har\u00e1n bajo su propia responsabilidad y deber\u00e1n obedecer las leyes locales vigentes. Cualquier reclamaci\u00f3n relacionada con el uso de este sitio y su contenido estar\u00e1 sujeta a las leyes de Colombia. Estas &#8220;Condiciones y T\u00e9rminos&#8221; est\u00e1n sujetas a modificaciones sin previo aviso, de acuerdo con decisiones de la empresa y planes estrat\u00e9gicos que se puedan implementar en cualquier momento.<\/p><p style=\"font-weight: 400;\"><br><\/p>\n<h4 style=\"font-weight: 400;\"><strong><u>CONTENIDO DEL SITIO<\/u><\/strong><\/h4>\n<h5 style=\"font-weight: 400;\"><strong>Imagen de producto<\/strong><\/h5>\n<p style=\"font-weight: 400;\">Las im\u00e1genes de los productos que aparecen en este sitio web representan de manera muy cercana el aspecto real de los productos en t\u00e9rminos de color y dise\u00f1o. Sin embargo, la precisi\u00f3n de estas im\u00e1genes puede verse influenciada por varios factores, como la resoluci\u00f3n y la configuraci\u00f3n de la pantalla del dispositivo del cliente. Por lo tanto, las caracter\u00edsticas visuales del producto real pueden variar ligeramente con respecto a lo que se muestra en las im\u00e1genes. Todas las im\u00e1genes pueden ampliarse para permitir que el cliente examine detenidamente las caracter\u00edsticas del producto.<\/p>\n<p style=\"font-weight: 400;\">Cada producto que se ofrece en esta p\u00e1gina web viene acompa\u00f1ado de una descripci\u00f3n detallada que incluye informaci\u00f3n sobre sus caracter\u00edsticas, origen, color, material, peso, tama\u00f1o y otros detalles relevantes. En el caso de los anillos, se proporcionar\u00e1 informaci\u00f3n espec\u00edfica sobre cada producto en la secci\u00f3n de caracter\u00edsticas por producto. Es importante tener en cuenta que los productos personalizados No tienen cambios y no se les aplica el derecho a retracto.<\/p>\n<h5 style=\"font-weight: 400;\"><strong>Precios<\/strong><\/h5>\n<p style=\"font-weight: 400;\">Los precios pueden cambiar en cualquier momento sin previo aviso. No obstante, si ya hemos enviado una confirmaci\u00f3n de pago para su pedido, el precio que se le cobrar\u00e1 ser\u00e1 el que estaba vigente en el momento en que realiz\u00f3 la compra, y cualquier cambio posterior no afectar\u00e1 su pedido.<\/p><p style=\"font-weight: 400;\"><br><\/p>\n<h5 style=\"font-weight: 400;\"><strong>Newsletter o bolet\u00edn informativo<\/strong><\/h5>\n<p style=\"font-weight: 400;\">El&nbsp;newsletter&nbsp;o bolet\u00edn informativo se enviar\u00e1 a la direcci\u00f3n de correo electr\u00f3nico que proporcion\u00f3 al momento de registrarse en nuestro sitio web&nbsp;<a href=\"https:\/\/abbajewelry.com\/en\/\" data-saferedirecturl=\"https:\/\/www.google.com\/url?q=http:\/\/www.abbajewelry.com&amp;source=gmail&amp;ust=1720229298371000&amp;usg=AOvVaw3tXkKj1zLSmxfctUxuvS5x\">www.abbajewelry.com<\/a>. En caso de no querer recibir contenido suministrado del sitio web, podr\u00e1 solicitar la anulaci\u00f3n de su suscripci\u00f3n en cualquier momento desde nuestras l\u00edneas de contacto&nbsp;<a href=\"mailto:abbajewelryweb@gmail.com\">abbajewelryweb@gmail.com<\/a><\/p>\t\t\t\t\t\t\t\t<\/div>\n\t\t\t\t\t<\/div>\n\t\t<\/div>\n\t\t\t\t\t<\/div>\n\t\t<\/section>\n\t\t\t\t<\/div>","protected":false},"excerpt":{"rendered":"<p>La ley estatutaria 1581 de 20121 , \u201cpor la cual se dictan disposiciones generales para la protecci\u00f3n de datos personales\u201d, tiene por objeto desarrollar el derecho constitucional que tienen las personas de conocer, actualizar y rectificar las informaciones que se hayan recogido sobre ellas en bases de datos o archivos, y los dem\u00e1s derechos, libertades [&hellip;]<\/p>\n","protected":false},"author":1,"featured_media":0,"parent":0,"menu_order":0,"comment_status":"closed","ping_status":"closed","template":"","meta":{"footnotes":""},"class_list":["post-2155","page","type-page","status-publish","hentry"],"aioseo_notices":[],"_links":{"self":[{"href":"https:\/\/abbajewelry.com\/en\/wp-json\/wp\/v2\/pages\/2155","targetHints":{"allow":["GET"]}}],"collection":[{"href":"https:\/\/abbajewelry.com\/en\/wp-json\/wp\/v2\/pages"}],"about":[{"href":"https:\/\/abbajewelry.com\/en\/wp-json\/wp\/v2\/types\/page"}],"author":[{"embeddable":true,"href":"https:\/\/abbajewelry.com\/en\/wp-json\/wp\/v2\/users\/1"}],"replies":[{"embeddable":true,"href":"https:\/\/abbajewelry.com\/en\/wp-json\/wp\/v2\/comments?post=2155"}],"version-history":[{"count":4,"href":"https:\/\/abbajewelry.com\/en\/wp-json\/wp\/v2\/pages\/2155\/revisions"}],"predecessor-version":[{"id":2160,"href":"https:\/\/abbajewelry.com\/en\/wp-json\/wp\/v2\/pages\/2155\/revisions\/2160"}],"wp:attachment":[{"href":"https:\/\/abbajewelry.com\/en\/wp-json\/wp\/v2\/media?parent=2155"}],"curies":[{"name":"wp","href":"https:\/\/api.w.org\/{rel}","templated":true}]}}